{"id":6072,"date":"2020-06-30T10:16:56","date_gmt":"2020-06-30T08:16:56","guid":{"rendered":"http:\/\/prod.patburgener.com\/politique-de-confidentialite\/"},"modified":"2020-12-30T21:41:03","modified_gmt":"2020-12-30T20:41:03","slug":"privacy-policy","status":"publish","type":"page","link":"https:\/\/patburgener.com\/en\/privacy-policy\/","title":{"rendered":"Privacy policy"},"content":{"rendered":"\n<h3>PRIVACY POLICY<\/h3>\n<p><span style=\"font-size: 100%;\">This Privacy Policy defines and informs you of how\u00a0Pat Burgener or his representatives\u00a0use and protect the information you provide to us, if any, when you use this site accessible from the following URL: www.patburgener.ch (hereinafter the \u201csite\u201d). Please note that this privacy policy may be modified or supplemented at any time by\u00a0Pat Burgener or his representatives, in particular to comply with any legislative, regulatory, jurisprudential or technological evolution. In such a case, the date of its update will be clearly identified at the beginning of this policy. These modifications are binding on the user as soon as they are put online. It is therefore advisable to the user to regularly consult this privacy policy and the use of cookies to be aware of any changes.\u00a0<\/span><\/p>\n<h3>I. PERSONAL DATA<\/h3>\n<p>In general, it is possible for you to visit the\u00a0Pat Burgener site without disclosing any personal information about yourself.\u00a0Pat Burgener or his representatives\u00a0can be brought in the case of a contact request by the user via the contact page, an order for a product, an account creation, or a request from the user to be informed of the restocking of a product, to ask to fill in your name, first name, email address, phone number, birthday (hereinafter your \u201cPersonal Information\u201d). By providing this information, you expressly agree that it may be processed by\u00a0Pat Burgener or his representatives, for the purposes indicated in point 2 below as well as for the purposes recalled at the end of each form. In accordance with the General Data Protection Regulations adopted by the European Parliament on 14 April 2016, and the amended Data Protection Act of 6 January 1978,\u00a0Pat Burgener or his representatives\u00a0inform you of the following points:<\/p>\n<h3>1. Identity Of The Data Controller<\/h3>\n<p>The controller is the company\u00a0Wabs S\u00e0rl, having its registered office at Route des T\u00e9l\u00e9ph\u00e9riques 10, 3963 Crans-Montana, Switzerland.<\/p>\n<h3>2. Purposes Of The Processing<\/h3>\n<p>Pat Burgener or his representatives<br \/>are likely to process your Personal Information: (a) for the purpose of providing you with the information or services you have requested (including: sending the Newsletter, sending\/receiving a product, sending a birthday gift certificate); and\/or (b) for the purpose of collecting information that enables us to improve our Site, products and services (including through the use of cookies); and\/or (c) in order to contact you about various events related to\u00a0Pat Burgener or his representatives, including customer support.<\/p>\n<h3>3. Recipients<\/h3>\n<p>Only\u00a0Pat Burgener or his representatives are the recipient of your Personal Information. These, whether in individual or aggregate form, are never disclosed to any third party. Pat Burgener or his representatives do not market the personal data of visitors and users of his site.<\/p>\n<h3>4. Shelf Life<\/h3>\n<p>Your Personal Information is kept by\u00a0Pat Burgener or his representatives only for the time corresponding to the purpose of collection as indicated in 2 above, which may in any case not exceed 24 months.<\/p>\n<h3>5. Computer Rights And Freedoms<\/h3>\n<p>You have the following rights regarding your Personal Information, which you can exercise by writing to us at the postal address mentioned in point 1 or by completing the contact form.<\/p>\n<h4><strong>Right Of Access And Communication Of Data<\/strong><br \/>You have the right to access Personal Information about yourself. To help you in your approach, especially if you wish to exercise your right of access by contacting us via our form.<\/h4>\n<p><strong>Right To Rectify Data<\/strong><br \/>Under this right, the legislation empowers you to request the rectification, updating, blocking or deletion of data concerning you which may prove to be inaccurate, erroneous, incomplete, or obsolete. In addition, you can define general and specific guidelines regarding the fate of personal data after your death. If necessary, the heirs of a deceased person may request that the death of their loved one be taken into consideration and\/or that the necessary updates be made. To help you in your approach, in particular if you wish to exercise, on your own behalf or on behalf of one of your deceased relatives, your right of rectification by contacting us via our form.<\/p>\n<p><br \/><strong>Right Of Opposition<\/strong><br \/>The exercise of this right is only possible in one of the following two situations: 1. Where the exercise of this right is based on legitimate reasons; or 2. When the exercise of this right is intended to prevent the data collected from being used for commercial prospecting purposes. To help you in your approach, especially if you wish to exercise your right of opposition by contacting us via our form.<\/p>\n<h3>6. Response Times<\/h3>\n<p>Pat Burgener or his representatives undertake to respond to your request for access, rectification or opposition or any other additional request for information within a reasonable period of time, which may not exceed 1 month from the receipt of your request.<\/p>\n<h3><strong>II. COOKIE POLICY<\/strong><\/h3>\n<p>When you first connect to the website of\u00a0Pat Burgener, you are warned by a banner at the bottom of your screen that information relating to your navigation may be stored in files called \u201ccookies\u201d. Our cookie policy allows you to better understand the provisions we implement when browsing our website. In particular, it informs you about all the cookies on our website, their purpose (part I.) and gives you the procedure to follow to set them (part II.)<\/p>\n<p><br \/><strong>1. General Information About Cookies Present On A\u00a0un chic fou<\/strong><br \/>Pat Burgener or his representatives, as the publisher of this website, may install a cookie on the hard disk of your device (computer, tablet, mobile etc.) in order to guarantee you a smooth and optimal navigation on our website. Cookies are small text files of limited size that allow us to recognize your computer, tablet or mobile phone in order to personalize the services we offer you. The information collected through cookies does not in any way identify you by name. They are used exclusively for our own purposes to improve the interactivity and performance of our website and to send you content tailored to your interests. None of this information is communicated to third parties.<\/p>\n<p><br \/><strong>2. Configuring Your Cookies Preferences<\/strong><br \/>You can accept or refuse the deposit of cookies at any time when you first connect to the website of\u00a0Pat Burgener, a banner briefly presenting information about the deposit of cookies and similar technologies appears at the bottom of your screen. This banner warns you that by continuing to browse the\u00a0Pat Burgener\u00a0website (by loading a new page or clicking on various elements of the site for example), you are accepting the placement of cookies on your device. You are also deemed to have given your consent to the deposit of cookies by clicking on \u201cAccept\u201d. To refuse, click on \u201cRefuse\u201d or you still have the option to choose the cookies allowed. Depending on the type of cookie involved, it may be necessary to obtain your consent to deposit and read cookies on your device.<\/p>\n<p><br \/><strong>A. Cookies Exempted From Consent<\/strong><br \/>In accordance with the recommendations of the Commission Nationale de l\u2019Informatique et des Libert\u00e9s (CNIL), certain cookies are exempt from prior collection of your consent insofar as they are strictly necessary for the operation of the website or have the exclusive purpose of allowing or facilitating communication by electronic means. These include session ID and authentication cookies. These cookies are entirely subject to this policy insofar as they are issued and managed by\u00a0Pat Burgener or his representatives.<\/p>\n<p><br \/><strong>B. Cookies Requiring Pre-Collection Of Your Consent<\/strong><br \/>This requirement applies to cookies issued by third parties that are described as \u201cpersistent\u201d as long as they remain on your device until they are deleted or expire. As such cookies are issued by third parties, their use and storage are subject to their own privacy policies, a link to which is provided below. This cookie family includes audience measurement cookies, advertising cookies (which\u00a0Pat Burgener or his representatives do not use) and social network sharing cookies (including Facebook, YouTube, Twitter and LinkedIn). Audience measurement cookies collect statistics about the use and usage of various elements of the website (such as the contents\/pages you have visited). This data contributes to improving the ergonomics of the website of\u00a0Pat Burgener.<\/p>\n<p><br \/><strong>C. You Have Various Tools For Setting Up Cookies<\/strong><br \/>Most Internet browsers are configured by default so that cookies are allowed. Your browser gives you the opportunity to modify these standard settings so that all cookies are systematically rejected or only part of the cookies are accepted or rejected depending on who issued them. WARNING: We draw your attention to the fact that refusing to accept cookies on your device may nevertheless affect your user experience and your access to certain services or features of this website. If necessary,\u00a0Pat Burgener or his representatives decline any responsibility concerning the consequences related to the deterioration of your browsing conditions which occur because of your choice to refuse, delete or block the cookies necessary for the operation of the site. These consequences cannot constitute damage and you may not claim any compensation as a result. Your browser also allows you to delete cookies that already exist on your device or to notify you when new cookies are likely to be placed on your device. These settings do not affect your browsing but cause you to lose all the benefit of the cookie. Please read below the multiple tools available to you so that you can set up the cookies placed on your device.<\/p>\n<p><br \/><strong>D. The Settings Of Your Internet Browser<\/strong><br \/>Each Internet browser has its own cookie management settings. To find out how to change your cookie preferences, you will find below the links to the help you need to access the menu of your browser provided for this purpose: For more information on cookie control tools, you can consult the CNIL website:\u00a0 https:\/\/www.cnil.fr<\/p>\n<p><br \/><strong>E. Our Cookies<\/strong><br \/>-WordPress: used for the proper functioning of the online shop.\u00a0<br \/>-Google. Used for analytics. Anonymously record your visit and the pages you have visited, among other measures, by helping us determine the relevance of our content, designs or changes and allowing us to make continuous<\/p>\n\n","protected":false},"excerpt":{"rendered":"","protected":false},"author":1,"featured_media":0,"parent":0,"menu_order":0,"comment_status":"closed","ping_status":"closed","template":"","meta":{"footnotes":""},"class_list":["post-6072","page","type-page","status-publish","hentry"],"_links":{"self":[{"href":"https:\/\/patburgener.com\/en\/wp-json\/wp\/v2\/pages\/6072","targetHints":{"allow":["GET"]}}],"collection":[{"href":"https:\/\/patburgener.com\/en\/wp-json\/wp\/v2\/pages"}],"about":[{"href":"https:\/\/patburgener.com\/en\/wp-json\/wp\/v2\/types\/page"}],"author":[{"embeddable":true,"href":"https:\/\/patburgener.com\/en\/wp-json\/wp\/v2\/users\/1"}],"replies":[{"embeddable":true,"href":"https:\/\/patburgener.com\/en\/wp-json\/wp\/v2\/comments?post=6072"}],"version-history":[{"count":5,"href":"https:\/\/patburgener.com\/en\/wp-json\/wp\/v2\/pages\/6072\/revisions"}],"predecessor-version":[{"id":6222,"href":"https:\/\/patburgener.com\/en\/wp-json\/wp\/v2\/pages\/6072\/revisions\/6222"}],"wp:attachment":[{"href":"https:\/\/patburgener.com\/en\/wp-json\/wp\/v2\/media?parent=6072"}],"curies":[{"name":"wp","href":"https:\/\/api.w.org\/{rel}","templated":true}]}}